{"id":2,"date":"2014-04-01T19:29:38","date_gmt":"2014-04-01T19:29:38","guid":{"rendered":"http:\/\/www.paleobiologischekring.org\/homepage\/?page_id=2"},"modified":"2026-02-03T20:02:17","modified_gmt":"2026-02-03T19:02:17","slug":"sample-page","status":"publish","type":"page","link":"http:\/\/www.paleobiologischekring.org\/homepage\/","title":{"rendered":"Welkom"},"content":{"rendered":"<p>Welkom op de website van de <strong>Paleobiologische Kring van Nederland en Vlaanderen<\/strong>!<\/p>\n<p>De Paleobiologische Kring is opgericht in 2004 en is onderdeel van het Koninklijk Nederlands Geologisch Mijnbouwkundig Genootschap (KNGMG).&nbsp;Wij zijn een platform voor <strong>wetenschappers<\/strong>,&nbsp;<strong>studenten<\/strong> en <strong>serieuze amateurs\/verzamelaars<\/strong> met een brede&nbsp;interesse in paleontologie en paleobiologie. Het doel van onze kring is onder andere het stimuleren van contacten tussen wetenschappers en studenten die op de verschillende universiteiten in Nederland en Belgi\u00eb actief zijn in de paleobiologie en biogeologie.&nbsp;Gedurende&nbsp;het jaar organiseren wij binnen- en buitenlandse excursies, symposia en fossielenbeurzen in Nederland en Belgi\u00eb.<\/p>\n<p>Heeft&nbsp;u interesse in fossielen in de ruimste zin van het woord &#8211; van Precambrische stromatolieten tot dinosauri\u00ebrs uit het Krijt en mammoeten uit de laatste IJstijd? Bent u ge\u00efnteresseerd in de wetenschappelijke verhalen achter al deze boeiende fossielen?&nbsp; Wordt dan lid van de Paleobiologische Kring voor slechts 12,50 euro per jaar.<\/p>\n<hr class=\"wp-block-separator\"\/>\n<figure class=\"wp-block-image size-large\"><a href=\"http:\/\/www.paleobiologischekring.org\/homepage\/wp-content\/uploads\/2021\/12\/Poster-1024x217-1.jpg\"><img loading=\"lazy\" width=\"1024\" height=\"217\" src=\"http:\/\/www.paleobiologischekring.org\/homepage\/wp-content\/uploads\/2021\/12\/Poster-1024x217-1.jpg\" alt=\"\" class=\"wp-image-2795\" srcset=\"http:\/\/www.paleobiologischekring.org\/homepage\/wp-content\/uploads\/2021\/12\/Poster-1024x217-1.jpg 1024w, http:\/\/www.paleobiologischekring.org\/homepage\/wp-content\/uploads\/2021\/12\/Poster-1024x217-1-300x64.jpg 300w, http:\/\/www.paleobiologischekring.org\/homepage\/wp-content\/uploads\/2021\/12\/Poster-1024x217-1-768x163.jpg 768w, http:\/\/www.paleobiologischekring.org\/homepage\/wp-content\/uploads\/2021\/12\/Poster-1024x217-1-940x199.jpg 940w, http:\/\/www.paleobiologischekring.org\/homepage\/wp-content\/uploads\/2021\/12\/Poster-1024x217-1-620x131.jpg 620w, http:\/\/www.paleobiologischekring.org\/homepage\/wp-content\/uploads\/2021\/12\/Poster-1024x217-1-195x41.jpg 195w\" sizes=\"(max-width: 1024px) 100vw, 1024px\" \/><\/a><\/figure>\n<p>PaleoTime NL is terug op 7 maart! En dat betekent een dag met prachtige fossielen, stands en activiteiten die te bewonderen zijn. Of je nou een fossiel wilt kopen (of ruilen), een echt dinosaurusbot wilt vasthouden of z\u00e9lf wilt zien hoe een \u00e9cht zeereptiel uit het gesteente wordt gehaald. Er is voor ieder wat wils \u00e9n dat is niet eens alles! Ook zijn er de hele dag allerlei lezingen te volgen, worden wederom de Outreach Poster Awards gehouden, zal er een preparatiedemo zijn van <a href=\"https:\/\/www.trilolab.net\/\"><strong>Trilolab<\/strong><\/a>, zijn er allerlei musea en geologische\/paleontologische verenigingen te vinden \u00e9n zijn er zelfs kinderactiviteiten aanwezig.<\/p>\n<p>PaleoTime-NL staat daarmee wederom voor een dag v\u00f3l met paleo, met trots het grootste paleontologische evenement van Nederland! En dat voor een entree van slechts \u20ac8,- aan de deur \u00f3f \u20ac7,- voor een online ticket. Kinderen tot 12 jaar mogen daarbij zelfs gratis naar binnen. Voor meer informatie over Paleotime-NL of om alvast je ticket met korting te halen, zie <a href=\"https:\/\/www.paleotime.nl\/\"><strong>de website van PaleoTime-NL<\/strong><\/a>.<\/p>\n<ul id=\"block-514f2a66-9401-4a5f-a31f-75401108e00f\">\n<li><strong>Locatie:&nbsp;Expo Houten,&nbsp;Meidoornkade 24, 3992 AE, Houten (NL)<\/strong><\/li>\n<li><strong>Openingstijden: 10:00 tot 17:00<\/strong><\/li>\n<li><strong>Toegang bezoekers: \u20ac8,- aan de deur, \u20ac7 online en kinderen tot 12 jaar gratis. Een aanvullende vrijwillige bijdrage is altijd zeer welkom!<\/strong><\/li>\n<\/ul>\n<p><strong>Lezingprogramma<\/strong><\/p>\n<p>Ook dit jaar zullen wij weer een lezingenprogramma samenstellen, met populair-wetenschappelijke lezingen! Dit jaar zullen er 4 sprekers zijn die het over diverse onderwerpen zullen hebben. Kom vooral langs op 7 maart!<\/p>\n<p><strong>Preparatiedemonstraties<\/strong><\/p>\n<div class=\"wp-block-image\">\n<figure class=\"alignleft size-large is-resized\"><a href=\"http:\/\/www.paleobiologischekring.org\/homepage\/wp-content\/uploads\/2023\/02\/Trilo-scaled.jpg\"><img loading=\"lazy\" src=\"http:\/\/www.paleobiologischekring.org\/homepage\/wp-content\/uploads\/2023\/02\/Trilo-1024x682.jpg\" alt=\"\" class=\"wp-image-3272\" width=\"154\" height=\"102\" srcset=\"http:\/\/www.paleobiologischekring.org\/homepage\/wp-content\/uploads\/2023\/02\/Trilo-1024x682.jpg 1024w, http:\/\/www.paleobiologischekring.org\/homepage\/wp-content\/uploads\/2023\/02\/Trilo-300x200.jpg 300w, http:\/\/www.paleobiologischekring.org\/homepage\/wp-content\/uploads\/2023\/02\/Trilo-768x512.jpg 768w, http:\/\/www.paleobiologischekring.org\/homepage\/wp-content\/uploads\/2023\/02\/Trilo-1536x1023.jpg 1536w, http:\/\/www.paleobiologischekring.org\/homepage\/wp-content\/uploads\/2023\/02\/Trilo-2048x1364.jpg 2048w, http:\/\/www.paleobiologischekring.org\/homepage\/wp-content\/uploads\/2023\/02\/Trilo-940x626.jpg 940w, http:\/\/www.paleobiologischekring.org\/homepage\/wp-content\/uploads\/2023\/02\/Trilo-620x413.jpg 620w, http:\/\/www.paleobiologischekring.org\/homepage\/wp-content\/uploads\/2023\/02\/Trilo-195x130.jpg 195w\" sizes=\"(max-width: 154px) 100vw, 154px\" \/><\/a><\/figure>\n<\/div>\n<p>Onze preparateurs van <a href=\"https:\/\/www.trilolab.net\/\"><strong><span style=\"text-decoration: underline;\">Trilolab<\/span><\/strong><\/a> zullen wederom een preparatiedemo komen geven, waarbij op de beurvloer een trilobiet van honderden miljoenen jaren oud uit het gesteente wordt gehaald.<\/p>\n<div class=\"wp-block-image\">\n<figure class=\"alignright size-large is-resized\"><a href=\"http:\/\/www.paleobiologischekring.org\/homepage\/wp-content\/uploads\/2023\/02\/Preparatie-saurier.jpg\"><img loading=\"lazy\" src=\"http:\/\/www.paleobiologischekring.org\/homepage\/wp-content\/uploads\/2023\/02\/Preparatie-saurier-1024x682.jpg\" alt=\"\" class=\"wp-image-3269\" width=\"128\" height=\"85\" srcset=\"http:\/\/www.paleobiologischekring.org\/homepage\/wp-content\/uploads\/2023\/02\/Preparatie-saurier-1024x682.jpg 1024w, http:\/\/www.paleobiologischekring.org\/homepage\/wp-content\/uploads\/2023\/02\/Preparatie-saurier-300x200.jpg 300w, http:\/\/www.paleobiologischekring.org\/homepage\/wp-content\/uploads\/2023\/02\/Preparatie-saurier-768x511.jpg 768w, http:\/\/www.paleobiologischekring.org\/homepage\/wp-content\/uploads\/2023\/02\/Preparatie-saurier-940x626.jpg 940w, http:\/\/www.paleobiologischekring.org\/homepage\/wp-content\/uploads\/2023\/02\/Preparatie-saurier-620x413.jpg 620w, http:\/\/www.paleobiologischekring.org\/homepage\/wp-content\/uploads\/2023\/02\/Preparatie-saurier-195x130.jpg 195w, http:\/\/www.paleobiologischekring.org\/homepage\/wp-content\/uploads\/2023\/02\/Preparatie-saurier.jpg 1352w\" sizes=\"(max-width: 128px) 100vw, 128px\" \/><\/a><\/figure>\n<\/div>\n<p>Verder zal de Werkgroep Muschelkalk Winterswijk dit jaar ook een preparatiedemo komen geven door live een saurier uit te prepareren. Een echt zeereptiel!<\/p>\n<p><strong>Determinatietafel<\/strong><\/p>\n<div class=\"wp-block-image\">\n<figure class=\"alignleft is-resized\"><a href=\"http:\/\/www.paleobiologischekring.org\/homepage\/wp-content\/uploads\/2018\/08\/IMG_6741.jpg\"><img loading=\"lazy\" src=\"http:\/\/www.paleobiologischekring.org\/homepage\/wp-content\/uploads\/2018\/08\/IMG_6741-1024x683.jpg\" alt=\"\" class=\"wp-image-1274\" width=\"125\" height=\"83\" srcset=\"http:\/\/www.paleobiologischekring.org\/homepage\/wp-content\/uploads\/2018\/08\/IMG_6741-1024x683.jpg 1024w, http:\/\/www.paleobiologischekring.org\/homepage\/wp-content\/uploads\/2018\/08\/IMG_6741-300x200.jpg 300w, http:\/\/www.paleobiologischekring.org\/homepage\/wp-content\/uploads\/2018\/08\/IMG_6741-768x512.jpg 768w, http:\/\/www.paleobiologischekring.org\/homepage\/wp-content\/uploads\/2018\/08\/IMG_6741-940x627.jpg 940w, http:\/\/www.paleobiologischekring.org\/homepage\/wp-content\/uploads\/2018\/08\/IMG_6741-620x413.jpg 620w, http:\/\/www.paleobiologischekring.org\/homepage\/wp-content\/uploads\/2018\/08\/IMG_6741-195x130.jpg 195w\" sizes=\"(max-width: 125px) 100vw, 125px\" \/><\/a><\/figure>\n<\/div>\n<p>De hele dag zal een verzameling van experts voor u klaar staan om vondsten te determineren. Vind de experts van allerlei verschillende expertises aan de determinatietafel van de Paleobiologische Kring.<\/p>\n<p>Experts met verschillende expertises zullen ongeveer via onderstaand schema plaatsnemen aan de determinatietafel: Charles Shouwenburg, Eric Mulder en Alice van Duijn.<\/p>\n<hr class=\"wp-block-separator\"\/>\n<figure class=\"wp-block-image size-large\"><a href=\"http:\/\/www.paleobiologischekring.org\/homepage\/wp-content\/uploads\/2025\/05\/Flyer.Paleobotanie.Symposium.31.05.PBKring.jpeg\"><img loading=\"lazy\" width=\"724\" height=\"1024\" src=\"http:\/\/www.paleobiologischekring.org\/homepage\/wp-content\/uploads\/2025\/05\/Flyer.Paleobotanie.Symposium.31.05.PBKring-724x1024.jpeg\" alt=\"\" class=\"wp-image-3532\" srcset=\"http:\/\/www.paleobiologischekring.org\/homepage\/wp-content\/uploads\/2025\/05\/Flyer.Paleobotanie.Symposium.31.05.PBKring-724x1024.jpeg 724w, http:\/\/www.paleobiologischekring.org\/homepage\/wp-content\/uploads\/2025\/05\/Flyer.Paleobotanie.Symposium.31.05.PBKring-212x300.jpeg 212w, http:\/\/www.paleobiologischekring.org\/homepage\/wp-content\/uploads\/2025\/05\/Flyer.Paleobotanie.Symposium.31.05.PBKring-768x1086.jpeg 768w, http:\/\/www.paleobiologischekring.org\/homepage\/wp-content\/uploads\/2025\/05\/Flyer.Paleobotanie.Symposium.31.05.PBKring-1086x1536.jpeg 1086w, http:\/\/www.paleobiologischekring.org\/homepage\/wp-content\/uploads\/2025\/05\/Flyer.Paleobotanie.Symposium.31.05.PBKring-940x1330.jpeg 940w, http:\/\/www.paleobiologischekring.org\/homepage\/wp-content\/uploads\/2025\/05\/Flyer.Paleobotanie.Symposium.31.05.PBKring-620x877.jpeg 620w, http:\/\/www.paleobiologischekring.org\/homepage\/wp-content\/uploads\/2025\/05\/Flyer.Paleobotanie.Symposium.31.05.PBKring-138x195.jpeg 138w, http:\/\/www.paleobiologischekring.org\/homepage\/wp-content\/uploads\/2025\/05\/Flyer.Paleobotanie.Symposium.31.05.PBKring.jpeg 1131w\" sizes=\"(max-width: 724px) 100vw, 724px\" \/><\/a><\/figure>\n<p>Op&nbsp;<strong>31 mei 2025<\/strong>&nbsp;organiseert de Paleobiologische Kring in samenwerking met de Nederlandse Varenvereniging (NVV) een&nbsp;<strong>Paleobotanie Symposium<\/strong>&nbsp;bij het Oertijdmuseum (Bosscheweg&nbsp;80, Boxtel).&nbsp;<br \/>Het is tijd om de wederhelft van de fauna te eren in een dag die in het thema zal staan van fossiele planten en paleobotanische toepassingen. We besteden hier extra aandacht aan varens, zowel fossiel als hedendaags. We nemen u mee door de tijd heen, van het&nbsp;<strong>Carboon tot het nu<\/strong>. Met boeiende lezingen van onder andere&nbsp;<strong>Remco Bos, Johan Vellekoop, Marco de Jong, Hans Steur, en meer!<\/strong><br \/>Het volledige programma zal nog worden bekendgemaakt. De inloop is&nbsp;vanaf&nbsp;<strong>10:30<\/strong>.&nbsp;Het symposium zelf duurt van&nbsp;<strong>11:00<\/strong>&nbsp;&#8211;&nbsp;<strong>16<\/strong>:<strong>00<\/strong>. Voor&nbsp;<strong>leden&nbsp;<\/strong>van de PaleoBiologische Kring en van de Nederlandse Varen Vereniging is dit symposium<strong>&nbsp;gratis<\/strong>. Voor&nbsp;<strong>niet-leden&nbsp;<\/strong>zal het symposium een mager bedrag van&nbsp;<strong>11 euro&nbsp;<\/strong>kosten. Hierbij inbegrepen is een<strong>&nbsp;lunch tegoed&nbsp;<\/strong>voor in het restaurant van het Oertijdmuseum.<\/p>\n<hr class=\"wp-block-separator\"\/>\n<h3>Algemene Verordening Gegevensbescherming<\/h3>\n<p>De Paleobiologische Kring van Nederland &amp; Vlaanderen neemt de <strong>Algemene Verordening <\/strong><strong>Gegevensbescherming<\/strong><strong> (AVG)<\/strong>&nbsp;zeer serieus. Hieronder kan u onze <strong>privacyverklaring<\/strong>&nbsp;voor onze leden en deelnemers aan onze activiteiten vinden.<\/p>\n<h4><strong><a href=\"http:\/\/www.paleobiologischekring.org\/homepage\/wp-content\/uploads\/2019\/01\/Privacyverklaring-De-Paleobiologische-Kring.pdf\">Privacyverklaring.pdf<\/a><\/strong><\/h4>\n<p>Mocht u een vraag, opmerking of klacht hebben over de verwerking van uw persoonsgegevens dan kunt u hierover direct contact op te nemen met de Paleobiologische Kring (pbkring@gmail.com). Wij zullen in overleg met u gepaste maatregelen nemen.<\/p>\n","protected":false},"excerpt":{"rendered":"<p>Welkom op de website van de Paleobiologische Kring van Nederland en Vlaanderen! De Paleobiologische Kring is opgericht in 2004 en is onderdeel van het Koninklijk Nederlands Geologisch Mijnbouwkundig Genootschap (KNGMG).&nbsp;Wij zijn een platform voor wetenschappers,&nbsp;studenten en serieuze amateurs\/verzamelaars met een brede&nbsp;interesse in paleontologie en paleobiologie. Het doel van onze kring is onder andere het stimuleren [&hellip;]<\/p>\n","protected":false},"author":1,"featured_media":0,"parent":0,"menu_order":0,"comment_status":"closed","ping_status":"open","template":"","meta":[],"_links":{"self":[{"href":"http:\/\/www.paleobiologischekring.org\/homepage\/index.php?rest_route=\/wp\/v2\/pages\/2"}],"collection":[{"href":"http:\/\/www.paleobiologischekring.org\/homepage\/index.php?rest_route=\/wp\/v2\/pages"}],"about":[{"href":"http:\/\/www.paleobiologischekring.org\/homepage\/index.php?rest_route=\/wp\/v2\/types\/page"}],"author":[{"embeddable":true,"href":"http:\/\/www.paleobiologischekring.org\/homepage\/index.php?rest_route=\/wp\/v2\/users\/1"}],"replies":[{"embeddable":true,"href":"http:\/\/www.paleobiologischekring.org\/homepage\/index.php?rest_route=%2Fwp%2Fv2%2Fcomments&post=2"}],"version-history":[{"count":346,"href":"http:\/\/www.paleobiologischekring.org\/homepage\/index.php?rest_route=\/wp\/v2\/pages\/2\/revisions"}],"predecessor-version":[{"id":3550,"href":"http:\/\/www.paleobiologischekring.org\/homepage\/index.php?rest_route=\/wp\/v2\/pages\/2\/revisions\/3550"}],"wp:attachment":[{"href":"http:\/\/www.paleobiologischekring.org\/homepage\/index.php?rest_route=%2Fwp%2Fv2%2Fmedia&parent=2"}],"curies":[{"name":"wp","href":"https:\/\/api.w.org\/{rel}","templated":true}]}}